{"id":9919,"date":"2023-12-05T16:58:08","date_gmt":"2023-12-05T15:58:08","guid":{"rendered":"https:\/\/www.bioteckacademy.com\/revisori\/"},"modified":"2023-12-18T14:38:02","modified_gmt":"2023-12-18T13:38:02","slug":"auditores","status":"publish","type":"page","link":"https:\/\/www.bioteckacademy.com\/es\/auditores\/","title":{"rendered":"Junta de Auditores"},"content":{"rendered":"<p>Ante el n\u00famero, cada vez mayor, de casos cl\u00ednicos que se env\u00edan a Bioteck Academy, \u00e9sta ha decidido dotarse de un consejo de revisores independientes, elegidos entre profesionales de los distintos campos de aplicaci\u00f3n de sus Dispositivos, con el objetivo de seleccionar los casos m\u00e1s interesantes y mejor documentados para su publicaci\u00f3n en sus folletos cl\u00ednicos.<\/p>\n<p>Los profesionales que forman parte del consejo son m\u00e9dicos que, a lo largo de los a\u00f1os, han colaborado cl\u00ednicamente con Bioteck Academy y han prestado voluntariamente su experiencia para elevar el nivel de calidad de las publicaciones de Bioteck Academy.<\/p>\n","protected":false},"excerpt":{"rendered":"<p>Ante el n\u00famero, cada vez mayor, de casos cl\u00ednicos que se env\u00edan a Bioteck Academy, \u00e9sta ha decidido dotarse de un consejo de revisores independientes, elegidos entre profesionales [&hellip;]<\/p>\n","protected":false},"author":7,"featured_media":0,"parent":0,"menu_order":11,"comment_status":"closed","ping_status":"closed","template":"page-revisori.php","meta":{"_acf_changed":false,"footnotes":""},"class_list":["post-9919","page","type-page","status-publish","hentry"],"acf":[],"yoast_head":"<!-- This site is optimized with the Yoast SEO plugin v26.3 - https:\/\/yoast.com\/wordpress\/plugins\/seo\/ -->\n<title>Junta de Auditores - Bioteck Academy<\/title>\n<meta name=\"robots\" content=\"index, follow, max-snippet:-1, max-image-preview:large, max-video-preview:-1\" \/>\n<link rel=\"canonical\" href=\"https:\/\/www.bioteckacademy.com\/es\/auditores\/\" \/>\n<meta property=\"og:locale\" content=\"es_ES\" \/>\n<meta property=\"og:type\" content=\"article\" \/>\n<meta property=\"og:title\" content=\"Junta de Auditores - Bioteck Academy\" \/>\n<meta property=\"og:description\" content=\"Ante el n\u00famero, cada vez mayor, de casos cl\u00ednicos que se env\u00edan a Bioteck Academy, \u00e9sta ha decidido dotarse de un consejo de revisores independientes, elegidos entre profesionales [&hellip;]\" \/>\n<meta property=\"og:url\" content=\"https:\/\/www.bioteckacademy.com\/es\/auditores\/\" \/>\n<meta property=\"og:site_name\" content=\"Bioteck Academy\" \/>\n<meta property=\"article:modified_time\" content=\"2023-12-18T13:38:02+00:00\" \/>\n<meta name=\"twitter:card\" content=\"summary_large_image\" \/>\n<meta name=\"twitter:label1\" content=\"Est. reading time\" \/>\n\t<meta name=\"twitter:data1\" content=\"1 minute\" \/>\n<script type=\"application\/ld+json\" class=\"yoast-schema-graph\">{\"@context\":\"https:\/\/schema.org\",\"@graph\":[{\"@type\":\"WebPage\",\"@id\":\"https:\/\/www.bioteckacademy.com\/es\/auditores\/\",\"url\":\"https:\/\/www.bioteckacademy.com\/es\/auditores\/\",\"name\":\"Junta de Auditores - Bioteck Academy\",\"isPartOf\":{\"@id\":\"https:\/\/www.bioteckacademy.com\/es\/#website\"},\"datePublished\":\"2023-12-05T15:58:08+00:00\",\"dateModified\":\"2023-12-18T13:38:02+00:00\",\"breadcrumb\":{\"@id\":\"https:\/\/www.bioteckacademy.com\/es\/auditores\/#breadcrumb\"},\"inLanguage\":\"es-ES\",\"potentialAction\":[{\"@type\":\"ReadAction\",\"target\":[\"https:\/\/www.bioteckacademy.com\/es\/auditores\/\"]}]},{\"@type\":\"BreadcrumbList\",\"@id\":\"https:\/\/www.bioteckacademy.com\/es\/auditores\/#breadcrumb\",\"itemListElement\":[{\"@type\":\"ListItem\",\"position\":1,\"name\":\"Home\",\"item\":\"https:\/\/www.bioteckacademy.com\/es\/\"},{\"@type\":\"ListItem\",\"position\":2,\"name\":\"Junta de Auditores\"}]},{\"@type\":\"WebSite\",\"@id\":\"https:\/\/www.bioteckacademy.com\/es\/#website\",\"url\":\"https:\/\/www.bioteckacademy.com\/es\/\",\"name\":\"Bioteck Academy\",\"description\":\"La Bioteck Academy promuove la diffusione del sapere nel campo della medicina rigenerativa applicata all\u2019odontoiatria, alla chirurgia maxillofacciale, all\u2019ortopedia e alla neurochirurgia.\",\"potentialAction\":[{\"@type\":\"SearchAction\",\"target\":{\"@type\":\"EntryPoint\",\"urlTemplate\":\"https:\/\/www.bioteckacademy.com\/es\/?s={search_term_string}\"},\"query-input\":{\"@type\":\"PropertyValueSpecification\",\"valueRequired\":true,\"valueName\":\"search_term_string\"}}],\"inLanguage\":\"es-ES\"}]}<\/script>\n<!-- \/ Yoast SEO plugin. -->","yoast_head_json":{"title":"Junta de Auditores - Bioteck Academy","robots":{"index":"index","follow":"follow","max-snippet":"max-snippet:-1","max-image-preview":"max-image-preview:large","max-video-preview":"max-video-preview:-1"},"canonical":"https:\/\/www.bioteckacademy.com\/es\/auditores\/","og_locale":"es_ES","og_type":"article","og_title":"Junta de Auditores - Bioteck Academy","og_description":"Ante el n\u00famero, cada vez mayor, de casos cl\u00ednicos que se env\u00edan a Bioteck Academy, \u00e9sta ha decidido dotarse de un consejo de revisores independientes, elegidos entre profesionales [&hellip;]","og_url":"https:\/\/www.bioteckacademy.com\/es\/auditores\/","og_site_name":"Bioteck Academy","article_modified_time":"2023-12-18T13:38:02+00:00","twitter_card":"summary_large_image","twitter_misc":{"Est. reading time":"1 minute"},"schema":{"@context":"https:\/\/schema.org","@graph":[{"@type":"WebPage","@id":"https:\/\/www.bioteckacademy.com\/es\/auditores\/","url":"https:\/\/www.bioteckacademy.com\/es\/auditores\/","name":"Junta de Auditores - Bioteck Academy","isPartOf":{"@id":"https:\/\/www.bioteckacademy.com\/es\/#website"},"datePublished":"2023-12-05T15:58:08+00:00","dateModified":"2023-12-18T13:38:02+00:00","breadcrumb":{"@id":"https:\/\/www.bioteckacademy.com\/es\/auditores\/#breadcrumb"},"inLanguage":"es-ES","potentialAction":[{"@type":"ReadAction","target":["https:\/\/www.bioteckacademy.com\/es\/auditores\/"]}]},{"@type":"BreadcrumbList","@id":"https:\/\/www.bioteckacademy.com\/es\/auditores\/#breadcrumb","itemListElement":[{"@type":"ListItem","position":1,"name":"Home","item":"https:\/\/www.bioteckacademy.com\/es\/"},{"@type":"ListItem","position":2,"name":"Junta de Auditores"}]},{"@type":"WebSite","@id":"https:\/\/www.bioteckacademy.com\/es\/#website","url":"https:\/\/www.bioteckacademy.com\/es\/","name":"Bioteck Academy","description":"La Bioteck Academy promuove la diffusione del sapere nel campo della medicina rigenerativa applicata all\u2019odontoiatria, alla chirurgia maxillofacciale, all\u2019ortopedia e alla neurochirurgia.","potentialAction":[{"@type":"SearchAction","target":{"@type":"EntryPoint","urlTemplate":"https:\/\/www.bioteckacademy.com\/es\/?s={search_term_string}"},"query-input":{"@type":"PropertyValueSpecification","valueRequired":true,"valueName":"search_term_string"}}],"inLanguage":"es-ES"}]}},"_links":{"self":[{"href":"https:\/\/www.bioteckacademy.com\/es\/wp-json\/wp\/v2\/pages\/9919","targetHints":{"allow":["GET"]}}],"collection":[{"href":"https:\/\/www.bioteckacademy.com\/es\/wp-json\/wp\/v2\/pages"}],"about":[{"href":"https:\/\/www.bioteckacademy.com\/es\/wp-json\/wp\/v2\/types\/page"}],"author":[{"embeddable":true,"href":"https:\/\/www.bioteckacademy.com\/es\/wp-json\/wp\/v2\/users\/7"}],"replies":[{"embeddable":true,"href":"https:\/\/www.bioteckacademy.com\/es\/wp-json\/wp\/v2\/comments?post=9919"}],"version-history":[{"count":2,"href":"https:\/\/www.bioteckacademy.com\/es\/wp-json\/wp\/v2\/pages\/9919\/revisions"}],"predecessor-version":[{"id":9925,"href":"https:\/\/www.bioteckacademy.com\/es\/wp-json\/wp\/v2\/pages\/9919\/revisions\/9925"}],"wp:attachment":[{"href":"https:\/\/www.bioteckacademy.com\/es\/wp-json\/wp\/v2\/media?parent=9919"}],"curies":[{"name":"wp","href":"https:\/\/api.w.org\/{rel}","templated":true}]}}